{"id":7,"date":"2025-02-17T21:22:32","date_gmt":"2025-02-17T21:22:32","guid":{"rendered":"https:\/\/apolloodontologia.com.br\/?page_id=7"},"modified":"2025-02-17T21:40:31","modified_gmt":"2025-02-17T21:40:31","slug":"home","status":"publish","type":"page","link":"https:\/\/apolloodontologia.com.br\/","title":{"rendered":"Home"},"content":{"rendered":"\t\t<div data-elementor-type=\"wp-page\" data-elementor-id=\"7\" class=\"elementor elementor-7\">\n\t\t\t\t<div class=\"elementor-element elementor-element-32b4dce e-flex e-con-boxed e-con e-parent\" data-id=\"32b4dce\" data-element_type=\"container\">\n\t\t\t\t\t<div class=\"e-con-inner\">\n\t\t\t\t<div class=\"elementor-element elementor-element-66745a6 elementor-widget elementor-widget-image\" data-id=\"66745a6\" data-element_type=\"widget\" data-widget_type=\"image.default\">\n\t\t\t\t<div class=\"elementor-widget-container\">\n\t\t\t\t\t\t\t\t\t\t\t\t\t\t\t<img fetchpriority=\"high\" decoding=\"async\" width=\"1000\" height=\"1000\" src=\"https:\/\/apolloodontologia.com.br\/wp-content\/uploads\/2025\/02\/logo-apollo.webp\" class=\"attachment-full size-full wp-image-12\" alt=\"\" srcset=\"https:\/\/apolloodontologia.com.br\/wp-content\/uploads\/2025\/02\/logo-apollo.webp 1000w, https:\/\/apolloodontologia.com.br\/wp-content\/uploads\/2025\/02\/logo-apollo-300x300.webp 300w, https:\/\/apolloodontologia.com.br\/wp-content\/uploads\/2025\/02\/logo-apollo-150x150.webp 150w, https:\/\/apolloodontologia.com.br\/wp-content\/uploads\/2025\/02\/logo-apollo-768x768.webp 768w\" sizes=\"(max-width: 1000px) 100vw, 1000px\" \/>\t\t\t\t\t\t\t\t\t\t\t\t\t\t\t<\/div>\n\t\t\t\t<\/div>\n\t\t\t\t<div class=\"elementor-element elementor-element-bfc4374 elementor-widget elementor-widget-text-editor\" data-id=\"bfc4374\" data-element_type=\"widget\" data-widget_type=\"text-editor.default\">\n\t\t\t\t<div class=\"elementor-widget-container\">\n\t\t\t\t\t\t\t\t\t<p>A Apollo Odontologia est\u00e1 passando por uma \u00f3tima transforma\u00e7\u00e3o.<br \/>Agora n\u00f3s somos <strong>Odonto Pronto<\/strong>, um consult\u00f3rio odontol\u00f3gico moderno e tecnol\u00f3gico com especialistas capacitados para melhor lhe atender e transformar seus sonhos em belos sorrisos.<\/p>\t\t\t\t\t\t\t\t<\/div>\n\t\t\t\t<\/div>\n\t\t\t\t<div class=\"elementor-element elementor-element-4782aff elementor-widget elementor-widget-button\" data-id=\"4782aff\" data-element_type=\"widget\" data-widget_type=\"button.default\">\n\t\t\t\t<div class=\"elementor-widget-container\">\n\t\t\t\t\t\t\t\t\t<div class=\"elementor-button-wrapper\">\n\t\t\t\t\t<a class=\"elementor-button elementor-button-link elementor-size-sm\" href=\"https:\/\/odontopronto.com.br\/\">\n\t\t\t\t\t\t<span class=\"elementor-button-content-wrapper\">\n\t\t\t\t\t\t\t\t\t<span class=\"elementor-button-text\">Acesse o site da Odonto Pronto<\/span>\n\t\t\t\t\t<\/span>\n\t\t\t\t\t<\/a>\n\t\t\t\t<\/div>\n\t\t\t\t\t\t\t\t<\/div>\n\t\t\t\t<\/div>\n\t\t\t\t\t<\/div>\n\t\t\t\t<\/div>\n\t\t\t\t<\/div>\n\t\t","protected":false},"excerpt":{"rendered":"<p>A Apollo Odontologia est\u00e1 passando por uma \u00f3tima transforma\u00e7\u00e3o.Agora n\u00f3s somos Odonto Pronto, um consult\u00f3rio odontol\u00f3gico moderno e tecnol\u00f3gico com especialistas capacitados para melhor lhe atender e transformar seus sonhos em belos sorrisos. Acesse o site da Odonto Pronto<\/p>\n","protected":false},"author":1,"featured_media":0,"parent":0,"menu_order":0,"comment_status":"closed","ping_status":"closed","template":"elementor_canvas","meta":{"footnotes":""},"class_list":["post-7","page","type-page","status-publish","hentry"],"_links":{"self":[{"href":"https:\/\/apolloodontologia.com.br\/index.php?rest_route=\/wp\/v2\/pages\/7","targetHints":{"allow":["GET"]}}],"collection":[{"href":"https:\/\/apolloodontologia.com.br\/index.php?rest_route=\/wp\/v2\/pages"}],"about":[{"href":"https:\/\/apolloodontologia.com.br\/index.php?rest_route=\/wp\/v2\/types\/page"}],"author":[{"embeddable":true,"href":"https:\/\/apolloodontologia.com.br\/index.php?rest_route=\/wp\/v2\/users\/1"}],"replies":[{"embeddable":true,"href":"https:\/\/apolloodontologia.com.br\/index.php?rest_route=%2Fwp%2Fv2%2Fcomments&post=7"}],"version-history":[{"count":11,"href":"https:\/\/apolloodontologia.com.br\/index.php?rest_route=\/wp\/v2\/pages\/7\/revisions"}],"predecessor-version":[{"id":24,"href":"https:\/\/apolloodontologia.com.br\/index.php?rest_route=\/wp\/v2\/pages\/7\/revisions\/24"}],"wp:attachment":[{"href":"https:\/\/apolloodontologia.com.br\/index.php?rest_route=%2Fwp%2Fv2%2Fmedia&parent=7"}],"curies":[{"name":"wp","href":"https:\/\/api.w.org\/{rel}","templated":true}]}}